{"id":86,"date":"2020-05-08T12:02:07","date_gmt":"2020-05-08T12:02:07","guid":{"rendered":"https:\/\/proteccioncivil.elejido.es\/?page_id=86"},"modified":"2022-07-06T10:51:21","modified_gmt":"2022-07-06T10:51:21","slug":"formacion","status":"publish","type":"page","link":"https:\/\/proteccioncivil.elejido.es\/?page_id=86","title":{"rendered":"Difusi\u00f3n"},"content":{"rendered":"<p>Se est\u00e1n llevando a cabo unas jornadas de R.C.P y Primeros auxilios en centros escolares del municipio. Desde Protecci\u00f3n Civil estamos formando, desde edades tempranas, a actuar ante actuaciones de urgencia y emergencia, enclavados en un proyecto de cultura preventiva en centros escolares en el cual se les dan unos conocimientos b\u00e1sicos para saber actuar en algunas situaciones. C.E.I.P Loma de Santo Domingo, C.E.I.P Mirasierra (Las Norias), C.E.I.P Ciavieja (El Ejido).<\/p>\n<p>Tambi\u00e9n se est\u00e1n impartiendo charlas de autoprotecci\u00f3n a diversas Asociaciones del municipio y a diferentes colectivos del municipio sobre autoprotecci\u00f3n y R.C.P en colaboraci\u00f3n con Participaci\u00f3n ciudadana.<\/p>\n<p><strong>FORMACI\u00d3N<\/strong><\/p>\n<ul>\n<li>CENTROS ESCOLARES<\/li>\n<li>ASOCIACIONES<\/li>\n<li>DIFERENTES COLECTIVOS<\/li>\n<\/ul>\n<p><img loading=\"lazy\" decoding=\"async\" class=\"alignnone size-medium wp-image-87\" src=\"https:\/\/proteccioncivil.elejido.es\/wp-content\/uploads\/2020\/05\/P.CIVIL_JORNADA_CENTROS_ESCOLARES_001-300x225.jpg\" alt=\"\" width=\"300\" height=\"225\" srcset=\"https:\/\/proteccioncivil.elejido.es\/wp-content\/uploads\/2020\/05\/P.CIVIL_JORNADA_CENTROS_ESCOLARES_001-300x225.jpg 300w, https:\/\/proteccioncivil.elejido.es\/wp-content\/uploads\/2020\/05\/P.CIVIL_JORNADA_CENTROS_ESCOLARES_001-1024x768.jpg 1024w, https:\/\/proteccioncivil.elejido.es\/wp-content\/uploads\/2020\/05\/P.CIVIL_JORNADA_CENTROS_ESCOLARES_001-768x576.jpg 768w, https:\/\/proteccioncivil.elejido.es\/wp-content\/uploads\/2020\/05\/P.CIVIL_JORNADA_CENTROS_ESCOLARES_001-1536x1152.jpg 1536w, https:\/\/proteccioncivil.elejido.es\/wp-content\/uploads\/2020\/05\/P.CIVIL_JORNADA_CENTROS_ESCOLARES_001-2048x1536.jpg 2048w, https:\/\/proteccioncivil.elejido.es\/wp-content\/uploads\/2020\/05\/P.CIVIL_JORNADA_CENTROS_ESCOLARES_001-467x350.jpg 467w, https:\/\/proteccioncivil.elejido.es\/wp-content\/uploads\/2020\/05\/P.CIVIL_JORNADA_CENTROS_ESCOLARES_001-150x113.jpg 150w\" sizes=\"auto, (max-width: 300px) 100vw, 300px\" \/> <img loading=\"lazy\" decoding=\"async\" class=\"alignnone wp-image-88\" src=\"https:\/\/proteccioncivil.elejido.es\/wp-content\/uploads\/2020\/05\/P.CIVIL_JORNADA_CENTROS_ESCOLARES_007-225x300.jpg\" alt=\"\" width=\"169\" height=\"226\" srcset=\"https:\/\/proteccioncivil.elejido.es\/wp-content\/uploads\/2020\/05\/P.CIVIL_JORNADA_CENTROS_ESCOLARES_007-225x300.jpg 225w, https:\/\/proteccioncivil.elejido.es\/wp-content\/uploads\/2020\/05\/P.CIVIL_JORNADA_CENTROS_ESCOLARES_007-768x1024.jpg 768w, https:\/\/proteccioncivil.elejido.es\/wp-content\/uploads\/2020\/05\/P.CIVIL_JORNADA_CENTROS_ESCOLARES_007-1152x1536.jpg 1152w, https:\/\/proteccioncivil.elejido.es\/wp-content\/uploads\/2020\/05\/P.CIVIL_JORNADA_CENTROS_ESCOLARES_007-1536x2048.jpg 1536w, https:\/\/proteccioncivil.elejido.es\/wp-content\/uploads\/2020\/05\/P.CIVIL_JORNADA_CENTROS_ESCOLARES_007-263x350.jpg 263w, https:\/\/proteccioncivil.elejido.es\/wp-content\/uploads\/2020\/05\/P.CIVIL_JORNADA_CENTROS_ESCOLARES_007-113x150.jpg 113w, https:\/\/proteccioncivil.elejido.es\/wp-content\/uploads\/2020\/05\/P.CIVIL_JORNADA_CENTROS_ESCOLARES_007-scaled.jpg 1920w\" sizes=\"auto, (max-width: 169px) 100vw, 169px\" \/> <img loading=\"lazy\" decoding=\"async\" class=\"alignnone size-medium wp-image-18\" src=\"https:\/\/proteccioncivil.elejido.es\/wp-content\/uploads\/2020\/04\/P.CIVIL-JORNADA-CENTROS-ESCOLARES-014-300x225.jpg\" alt=\"\" width=\"300\" height=\"225\" srcset=\"https:\/\/proteccioncivil.elejido.es\/wp-content\/uploads\/2020\/04\/P.CIVIL-JORNADA-CENTROS-ESCOLARES-014-300x225.jpg 300w, https:\/\/proteccioncivil.elejido.es\/wp-content\/uploads\/2020\/04\/P.CIVIL-JORNADA-CENTROS-ESCOLARES-014-1024x768.jpg 1024w, https:\/\/proteccioncivil.elejido.es\/wp-content\/uploads\/2020\/04\/P.CIVIL-JORNADA-CENTROS-ESCOLARES-014-768x576.jpg 768w, https:\/\/proteccioncivil.elejido.es\/wp-content\/uploads\/2020\/04\/P.CIVIL-JORNADA-CENTROS-ESCOLARES-014-1536x1152.jpg 1536w, https:\/\/proteccioncivil.elejido.es\/wp-content\/uploads\/2020\/04\/P.CIVIL-JORNADA-CENTROS-ESCOLARES-014-2048x1536.jpg 2048w, https:\/\/proteccioncivil.elejido.es\/wp-content\/uploads\/2020\/04\/P.CIVIL-JORNADA-CENTROS-ESCOLARES-014-467x350.jpg 467w, https:\/\/proteccioncivil.elejido.es\/wp-content\/uploads\/2020\/04\/P.CIVIL-JORNADA-CENTROS-ESCOLARES-014-150x113.jpg 150w\" sizes=\"auto, (max-width: 300px) 100vw, 300px\" \/><\/p>\n","protected":false},"excerpt":{"rendered":"<p>Se est\u00e1n llevando a cabo unas jornadas de R.C.P y Primeros auxilios en centros escolares del municipio. Desde Protecci\u00f3n Civil estamos formando, desde edades tempranas, a actuar ante actuaciones de urgencia y emergencia, enclavados en un proyecto de cultura preventiva en centros escolares en el cual se les dan unos&#8230; <a class=\"continue-reading-link\" href=\"https:\/\/proteccioncivil.elejido.es\/?page_id=86\">Leer m\u00e1s<\/a><\/p>\n","protected":false},"author":1,"featured_media":0,"parent":0,"menu_order":0,"comment_status":"closed","ping_status":"closed","template":"","meta":{"footnotes":""},"class_list":["post-86","page","type-page","status-publish","hentry"],"_links":{"self":[{"href":"https:\/\/proteccioncivil.elejido.es\/index.php?rest_route=\/wp\/v2\/pages\/86","targetHints":{"allow":["GET"]}}],"collection":[{"href":"https:\/\/proteccioncivil.elejido.es\/index.php?rest_route=\/wp\/v2\/pages"}],"about":[{"href":"https:\/\/proteccioncivil.elejido.es\/index.php?rest_route=\/wp\/v2\/types\/page"}],"author":[{"embeddable":true,"href":"https:\/\/proteccioncivil.elejido.es\/index.php?rest_route=\/wp\/v2\/users\/1"}],"replies":[{"embeddable":true,"href":"https:\/\/proteccioncivil.elejido.es\/index.php?rest_route=%2Fwp%2Fv2%2Fcomments&post=86"}],"version-history":[{"count":4,"href":"https:\/\/proteccioncivil.elejido.es\/index.php?rest_route=\/wp\/v2\/pages\/86\/revisions"}],"predecessor-version":[{"id":214,"href":"https:\/\/proteccioncivil.elejido.es\/index.php?rest_route=\/wp\/v2\/pages\/86\/revisions\/214"}],"wp:attachment":[{"href":"https:\/\/proteccioncivil.elejido.es\/index.php?rest_route=%2Fwp%2Fv2%2Fmedia&parent=86"}],"curies":[{"name":"wp","href":"https:\/\/api.w.org\/{rel}","templated":true}]}}