{"id":65,"date":"2020-05-08T11:48:39","date_gmt":"2020-05-08T11:48:39","guid":{"rendered":"https:\/\/proteccioncivil.elejido.es\/?page_id=65"},"modified":"2022-11-03T13:26:40","modified_gmt":"2022-11-03T13:26:40","slug":"cursos-y-talleres","status":"publish","type":"page","link":"https:\/\/proteccioncivil.elejido.es\/?page_id=65","title":{"rendered":"Cursos y talleres"},"content":{"rendered":"<p>Cada a\u00f1o la agrupaci\u00f3n recibe cursos de formaci\u00f3n para el perfeccionamiento de los voluntarios en diferentes \u00e1reas, como pueden ser sanitario, primeros auxilios, RCP, DESA o transmisiones.<\/p>\n<p><img loading=\"lazy\" decoding=\"async\" class=\"size-medium wp-image-66 aligncenter\" src=\"https:\/\/proteccioncivil.elejido.es\/wp-content\/uploads\/2020\/05\/20130912_113945_10-300x225.jpg\" alt=\"\" width=\"300\" height=\"225\" srcset=\"https:\/\/proteccioncivil.elejido.es\/wp-content\/uploads\/2020\/05\/20130912_113945_10-300x225.jpg 300w, https:\/\/proteccioncivil.elejido.es\/wp-content\/uploads\/2020\/05\/20130912_113945_10-1024x768.jpg 1024w, https:\/\/proteccioncivil.elejido.es\/wp-content\/uploads\/2020\/05\/20130912_113945_10-768x576.jpg 768w, https:\/\/proteccioncivil.elejido.es\/wp-content\/uploads\/2020\/05\/20130912_113945_10-1536x1152.jpg 1536w, https:\/\/proteccioncivil.elejido.es\/wp-content\/uploads\/2020\/05\/20130912_113945_10-2048x1536.jpg 2048w, https:\/\/proteccioncivil.elejido.es\/wp-content\/uploads\/2020\/05\/20130912_113945_10-467x350.jpg 467w, https:\/\/proteccioncivil.elejido.es\/wp-content\/uploads\/2020\/05\/20130912_113945_10-150x113.jpg 150w\" sizes=\"auto, (max-width: 300px) 100vw, 300px\" \/><br \/>\nGracias al Ayuntamiento de El Ejido y en colaboraci\u00f3n con otras agrupaciones que nos ceden plazas en sus cursos, podemos conseguir que nuestros voluntarios est\u00e9n bien formados.<\/p>\n<p>Los diferentes cursos que se imparten en la agrupaci\u00f3n son:<\/p>\n<ul>\n<li>Nivel 1 en Protecci\u00f3n Civil<\/li>\n<li>Primeros Auxilios<\/li>\n<li>R.C.P B\u00e1sica<\/li>\n<li>Desfibrilador Semiautom\u00e1tico<\/li>\n<li>Protocolo de Actuaci\u00f3n ante emergencias<\/li>\n<\/ul>\n","protected":false},"excerpt":{"rendered":"<p>Cada a\u00f1o la agrupaci\u00f3n recibe cursos de formaci\u00f3n para el perfeccionamiento de los voluntarios en diferentes \u00e1reas, como pueden ser sanitario, primeros auxilios, RCP, DESA o transmisiones. Gracias al Ayuntamiento de El Ejido y en colaboraci\u00f3n con otras agrupaciones que nos ceden plazas en sus cursos, podemos conseguir que nuestros&#8230; <a class=\"continue-reading-link\" href=\"https:\/\/proteccioncivil.elejido.es\/?page_id=65\">Leer m\u00e1s<\/a><\/p>\n","protected":false},"author":1,"featured_media":0,"parent":0,"menu_order":0,"comment_status":"closed","ping_status":"closed","template":"","meta":{"footnotes":""},"class_list":["post-65","page","type-page","status-publish","hentry"],"_links":{"self":[{"href":"https:\/\/proteccioncivil.elejido.es\/index.php?rest_route=\/wp\/v2\/pages\/65","targetHints":{"allow":["GET"]}}],"collection":[{"href":"https:\/\/proteccioncivil.elejido.es\/index.php?rest_route=\/wp\/v2\/pages"}],"about":[{"href":"https:\/\/proteccioncivil.elejido.es\/index.php?rest_route=\/wp\/v2\/types\/page"}],"author":[{"embeddable":true,"href":"https:\/\/proteccioncivil.elejido.es\/index.php?rest_route=\/wp\/v2\/users\/1"}],"replies":[{"embeddable":true,"href":"https:\/\/proteccioncivil.elejido.es\/index.php?rest_route=%2Fwp%2Fv2%2Fcomments&post=65"}],"version-history":[{"count":2,"href":"https:\/\/proteccioncivil.elejido.es\/index.php?rest_route=\/wp\/v2\/pages\/65\/revisions"}],"predecessor-version":[{"id":573,"href":"https:\/\/proteccioncivil.elejido.es\/index.php?rest_route=\/wp\/v2\/pages\/65\/revisions\/573"}],"wp:attachment":[{"href":"https:\/\/proteccioncivil.elejido.es\/index.php?rest_route=%2Fwp%2Fv2%2Fmedia&parent=65"}],"curies":[{"name":"wp","href":"https:\/\/api.w.org\/{rel}","templated":true}]}}