{"id":34,"date":"2020-04-27T06:13:59","date_gmt":"2020-04-27T06:13:59","guid":{"rendered":"https:\/\/proteccioncivil.elejido.es\/?page_id=34"},"modified":"2020-04-27T06:13:59","modified_gmt":"2020-04-27T06:13:59","slug":"que-es-proteccion-civil","status":"publish","type":"page","link":"https:\/\/proteccioncivil.elejido.es\/?page_id=34","title":{"rendered":"\u00bfQu\u00e9 es Protecci\u00f3n Civil?"},"content":{"rendered":"<p>Seg\u00fan define la Organizaci\u00f3n Internacional, la Protecci\u00f3n Civil es el sistema por el que cada pa\u00eds proporciona la protecci\u00f3n y la asistencia para todos ante cualquier tipo de accidente o cat\u00e1strofe, as\u00ed como la salvaguarda de los bienes y del medio ambiente.<\/p>\n<p>En rasgos generales podemos concretar que la protecci\u00f3n civil es la gesti\u00f3n de los servicios de emergencias de un pa\u00eds, extendida a todos los niveles, e involucrando a todas las partes.<\/p>\n<p>As\u00ed pues, son protecci\u00f3n civil el bombero que interviene en la extinci\u00f3n de un incendio y el rescate de las v\u00edctimas, el sanitario que atiende a los heridos y los traslada al hospital, el polic\u00eda que controla el acceso de veh\u00edculos y personas a una zona siniestrada, el operador telef\u00f3nico que atendi\u00f3 la llamada de emergencia, y el operador de radio que la transmiti\u00f3 al correspondiente servicio. Tambi\u00e9n son protecci\u00f3n civil el ciudadano que avisa a los servicios de emergencias, el que con conocimientos v\u00e1lidos para la ocasi\u00f3n realiza la primera intervenci\u00f3n hasta que llegan los servicios especializados. Incluso el que sin conocimientos ayuda en lo que se le requiera tambi\u00e9n es protecci\u00f3n civil. Porque Protecci\u00f3n Civil somos todos.<\/p>\n<p>Los organismos que regulan la protecci\u00f3n civil suelen, adem\u00e1s, definir una forma de participaci\u00f3n ciudadana por la que se tenga a un grupo de personas preparadas para actuar ante cat\u00e1strofes, en apoyo a los servicios de emergencias asalariados, y que sirvan como responsables en la organizaci\u00f3n de la ayuda ciudadana. En Espa\u00f1a estos colectivos se estructuran como Agrupaciones Municipales de Voluntarios de Protecci\u00f3n Civil, gestionadas por los respectivos ayuntamientos.<\/p>\n","protected":false},"excerpt":{"rendered":"<p>Seg\u00fan define la Organizaci\u00f3n Internacional, la Protecci\u00f3n Civil es el sistema por el que cada pa\u00eds proporciona la protecci\u00f3n y la asistencia para todos ante cualquier tipo de accidente o cat\u00e1strofe, as\u00ed como la salvaguarda de los bienes y del medio ambiente. En rasgos generales podemos concretar que la protecci\u00f3n&#8230; <a class=\"continue-reading-link\" href=\"https:\/\/proteccioncivil.elejido.es\/?page_id=34\">Leer m\u00e1s<\/a><\/p>\n","protected":false},"author":1,"featured_media":0,"parent":0,"menu_order":0,"comment_status":"closed","ping_status":"closed","template":"","meta":{"footnotes":""},"class_list":["post-34","page","type-page","status-publish","hentry"],"_links":{"self":[{"href":"https:\/\/proteccioncivil.elejido.es\/index.php?rest_route=\/wp\/v2\/pages\/34","targetHints":{"allow":["GET"]}}],"collection":[{"href":"https:\/\/proteccioncivil.elejido.es\/index.php?rest_route=\/wp\/v2\/pages"}],"about":[{"href":"https:\/\/proteccioncivil.elejido.es\/index.php?rest_route=\/wp\/v2\/types\/page"}],"author":[{"embeddable":true,"href":"https:\/\/proteccioncivil.elejido.es\/index.php?rest_route=\/wp\/v2\/users\/1"}],"replies":[{"embeddable":true,"href":"https:\/\/proteccioncivil.elejido.es\/index.php?rest_route=%2Fwp%2Fv2%2Fcomments&post=34"}],"version-history":[{"count":1,"href":"https:\/\/proteccioncivil.elejido.es\/index.php?rest_route=\/wp\/v2\/pages\/34\/revisions"}],"predecessor-version":[{"id":35,"href":"https:\/\/proteccioncivil.elejido.es\/index.php?rest_route=\/wp\/v2\/pages\/34\/revisions\/35"}],"wp:attachment":[{"href":"https:\/\/proteccioncivil.elejido.es\/index.php?rest_route=%2Fwp%2Fv2%2Fmedia&parent=34"}],"curies":[{"name":"wp","href":"https:\/\/api.w.org\/{rel}","templated":true}]}}